{"id":15,"date":"2020-01-13T15:14:52","date_gmt":"2020-01-13T14:14:52","guid":{"rendered":"https:\/\/autopastwisko.pl\/?page_id=15"},"modified":"2020-01-22T22:55:14","modified_gmt":"2020-01-22T21:55:14","slug":"o-firmie","status":"publish","type":"page","link":"https:\/\/autopastwisko.pl\/index.php\/o-firmie\/","title":{"rendered":"O firmie"},"content":{"rendered":"\t\t<div data-elementor-type=\"wp-page\" data-elementor-id=\"15\" class=\"elementor elementor-15\" data-elementor-settings=\"[]\">\n\t\t\t<div class=\"elementor-inner\">\n\t\t\t\t<div class=\"elementor-section-wrap\">\n\t\t\t\t\t\t\t<section class=\"elementor-element elementor-element-f217145 elementor-section-height-min-height elementor-section-boxed elementor-section-height-default elementor-section-items-middle elementor-section elementor-top-section\" data-id=\"f217145\" data-element_type=\"section\">\n\t\t\t\t\t\t<div class=\"elementor-container elementor-column-gap-default\">\n\t\t\t\t<div class=\"elementor-row\">\n\t\t\t\t<div class=\"elementor-element elementor-element-6b58acc elementor-column elementor-col-33 elementor-top-column\" data-id=\"6b58acc\" data-element_type=\"column\">\n\t\t\t<div class=\"elementor-column-wrap  elementor-element-populated\">\n\t\t\t\t\t<div class=\"elementor-widget-wrap\">\n\t\t\t\t<div class=\"elementor-element elementor-element-263a24e elementor-widget elementor-widget-counter\" data-id=\"263a24e\" data-element_type=\"widget\" data-widget_type=\"counter.default\">\n\t\t\t\t<div class=\"elementor-widget-container\">\n\t\t\t\t\t<div class=\"elementor-counter\">\n\t\t\t<div class=\"elementor-counter-number-wrapper\">\n\t\t\t\t<span class=\"elementor-counter-number-prefix\"><\/span>\n\t\t\t\t<span class=\"elementor-counter-number\" data-duration=\"5000\" data-to-value=\"235\" data-from-value=\"0\" data-delimiter=\",\">0<\/span>\n\t\t\t\t<span class=\"elementor-counter-number-suffix\"><\/span>\n\t\t\t<\/div>\n\t\t\t\t\t\t\t<div class=\"elementor-counter-title\">Obs\u0142u\u017cyli\u015bmy ju\u017c tylu klient\u00f3w<\/div>\n\t\t\t\t\t<\/div>\n\t\t\t\t<\/div>\n\t\t\t\t<\/div>\n\t\t\t\t\t\t<\/div>\n\t\t\t<\/div>\n\t\t<\/div>\n\t\t\t\t<div class=\"elementor-element elementor-element-305ee95 elementor-column elementor-col-66 elementor-top-column\" data-id=\"305ee95\" data-element_type=\"column\">\n\t\t\t<div class=\"elementor-column-wrap  elementor-element-populated\">\n\t\t\t\t\t<div class=\"elementor-widget-wrap\">\n\t\t\t\t<div class=\"elementor-element elementor-element-c0c89fb elementor-widget elementor-widget-image\" data-id=\"c0c89fb\" data-element_type=\"widget\" data-widget_type=\"image.default\">\n\t\t\t\t<div class=\"elementor-widget-container\">\n\t\t\t\t\t<div class=\"elementor-image\">\n\t\t\t\t\t\t\t\t\t\t<img loading=\"lazy\" decoding=\"async\" width=\"680\" height=\"510\" src=\"https:\/\/autopastwisko.pl\/wp-content\/uploads\/2020\/01\/53588492_2272323569722243_4005415470080458752_o-1024x768.jpg\" class=\"attachment-large size-large\" alt=\"\" srcset=\"https:\/\/autopastwisko.pl\/wp-content\/uploads\/2020\/01\/53588492_2272323569722243_4005415470080458752_o-1024x768.jpg 1024w, https:\/\/autopastwisko.pl\/wp-content\/uploads\/2020\/01\/53588492_2272323569722243_4005415470080458752_o-300x225.jpg 300w, https:\/\/autopastwisko.pl\/wp-content\/uploads\/2020\/01\/53588492_2272323569722243_4005415470080458752_o-768x576.jpg 768w, https:\/\/autopastwisko.pl\/wp-content\/uploads\/2020\/01\/53588492_2272323569722243_4005415470080458752_o.jpg 1728w\" sizes=\"auto, (max-width: 680px) 100vw, 680px\" \/>\t\t\t\t\t\t\t\t\t\t\t<\/div>\n\t\t\t\t<\/div>\n\t\t\t\t<\/div>\n\t\t\t\t\t\t<\/div>\n\t\t\t<\/div>\n\t\t<\/div>\n\t\t\t\t\t\t<\/div>\n\t\t\t<\/div>\n\t\t<\/section>\n\t\t\t\t<section class=\"elementor-element elementor-element-8a6b96e elementor-section-boxed elementor-section-height-default elementor-section-height-default elementor-section elementor-top-section\" data-id=\"8a6b96e\" data-element_type=\"section\">\n\t\t\t\t\t\t<div class=\"elementor-container elementor-column-gap-default\">\n\t\t\t\t<div class=\"elementor-row\">\n\t\t\t\t<div class=\"elementor-element elementor-element-b1f683e elementor-column elementor-col-100 elementor-top-column\" data-id=\"b1f683e\" data-element_type=\"column\">\n\t\t\t<div class=\"elementor-column-wrap  elementor-element-populated\">\n\t\t\t\t\t<div class=\"elementor-widget-wrap\">\n\t\t\t\t<div class=\"elementor-element elementor-element-9adc685 eael-pricing-content-align-center eael-pricing-button-align-center elementor-widget elementor-widget-eael-pricing-table\" data-id=\"9adc685\" data-element_type=\"widget\" data-widget_type=\"eael-pricing-table.default\">\n\t\t\t\t<div class=\"elementor-widget-container\">\n\t\t\t\t\t\t<div class=\"eael-pricing style-2\">\n\t    <div class=\"eael-pricing-item \">\n\t        <div class=\"eael-pricing-icon\">\n\t            <span class=\"icon\" style=\"background:;\">\n\t\t\t\t\t\t\t\t\t\t\t\t\t\t\t\t\t\t<i class=\"fas fa-car\"><\/i>\n\t\t\t\t\t\t\t\t\t\t\t\t\t\t\t<\/span>\n\t        <\/div>\n\t        <div class=\"header\">\n\t            <h2 class=\"title\">Oferujemy<\/h2>\n\t            <span class=\"subtitle\"><\/span>\n\t        <\/div>\n\t        <div class=\"eael-pricing-tag\">\n\t            <span class=\"price-tag\"><span class=\"price-currency\"><\/span><\/span>\n\t            <span class=\"price-period\"> <\/span>\n\t        <\/div>\n\t        <div class=\"body\">\n\t            \t\t<ul>\n\t\t\t\t\t\t<li >\n\t\t\t\t\t\t\t\t\t<span class=\"li-icon\" style=\"color:#00C853\">\n\t\t\t\t\t\t\t\t\t\t\t\t\t\t\t\t\t\t<i class=\"fas fa-check\"><\/i>\n\t\t\t\t\t\t\t\t\t\t\t\t\t\t\t\t<\/span>\n\t\t\t\t            Sprzedajemy auta tylko przygotowane do rejestracji             <\/li>\n\t\t\t\t\t\t<li >\n\t\t\t\t\t\t\t\t\t<span class=\"li-icon\" style=\"color:#00C853\">\n\t\t\t\t\t\t\t\t\t\t\t\t\t\t\t\t\t\t<i class=\"fas fa-check\"><\/i>\n\t\t\t\t\t\t\t\t\t\t\t\t\t\t\t\t<\/span>\n\t\t\t\t            Wystawiamy faktury            <\/li>\n\t\t\t\t\t\t<li >\n\t\t\t\t\t\t\t\t\t<span class=\"li-icon\" style=\"color:#00C853\">\n\t\t\t\t\t\t\t\t\t\t\t\t\t\t\t\t\t\t<i class=\"fas fa-check\"><\/i>\n\t\t\t\t\t\t\t\t\t\t\t\t\t\t\t\t<\/span>\n\t\t\t\t            Na \u017cyczenie klienta rejestrujemy auta w Polsce            <\/li>\n\t\t\t\t\t\t<li >\n\t\t\t\t\t\t\t\t\t<span class=\"li-icon\" style=\"color:#00C853\">\n\t\t\t\t\t\t\t\t\t\t\t\t\t\t\t\t\t\t<i class=\"fas fa-check\"><\/i>\n\t\t\t\t\t\t\t\t\t\t\t\t\t\t\t\t<\/span>\n\t\t\t\t            Oferujemy mo\u017cliwo\u015b\u0107 dowozu ka\u017cdego auta pod dom klienta            <\/li>\n\t\t\t\t\t\t<li >\n\t\t\t\t\t\t\t\t\t<span class=\"li-icon\" style=\"color:#00C853\">\n\t\t\t\t\t\t\t\t\t\t\t\t\t\t\t\t\t\t<i class=\"fas fa-check\"><\/i>\n\t\t\t\t\t\t\t\t\t\t\t\t\t\t\t\t<\/span>\n\t\t\t\t            Czynne 24\/7            <\/li>\n\t\t\t\t\t<\/ul>\n\t\t\t        <\/div>\n\t        <div class=\"footer\">\n\t\t    \t<a href=\"https:\/\/autopastwisko.pl\/index.php\/kontakt\/\"   class=\"eael-pricing-button\">\n\t\t    \t\t\t\t\t\t\t\t\t\t\t\t\t\t\t\t\t\t\t\t\t\t\t<i class=\" fa-icon-left\"><\/i>\n\t\t\t\t\t\t\t\t\t\t\t\t\t\t\t\t\t\t\tZadzwo\u0144!\t\t\t\t\t\t\t    \t<\/a>\n\t\t    <\/div>\n\t    <\/div>\n\t<\/div>\n\t\t\t\t<\/div>\n\t\t\t\t<\/div>\n\t\t\t\t\t\t<\/div>\n\t\t\t<\/div>\n\t\t<\/div>\n\t\t\t\t\t\t<\/div>\n\t\t\t<\/div>\n\t\t<\/section>\n\t\t\t\t\t\t<\/div>\n\t\t\t<\/div>\n\t\t<\/div>\n\t\t","protected":false},"excerpt":{"rendered":"<p>0 Obs\u0142u\u017cyli\u015bmy ju\u017c tylu klient\u00f3w Oferujemy Sprzedajemy auta tylko przygotowane do rejestracji Wystawiamy faktury Na [&hellip;]<\/p>\n","protected":false},"author":1,"featured_media":0,"parent":0,"menu_order":2,"comment_status":"closed","ping_status":"open","template":"elementor_header_footer","meta":{"footnotes":""},"class_list":["post-15","page","type-page","status-publish","hentry"],"yoast_head":"<!-- This site is optimized with the Yoast SEO plugin v26.9 - https:\/\/yoast.com\/product\/yoast-seo-wordpress\/ -->\n<title>O firmie - Sigma<\/title>\n<meta name=\"robots\" content=\"index, follow, max-snippet:-1, max-image-preview:large, max-video-preview:-1\" \/>\n<link rel=\"canonical\" href=\"https:\/\/autopastwisko.pl\/index.php\/o-firmie\/\" \/>\n<meta property=\"og:locale\" content=\"pl_PL\" \/>\n<meta property=\"og:type\" content=\"article\" \/>\n<meta property=\"og:title\" content=\"O firmie - Sigma\" \/>\n<meta property=\"og:description\" content=\"0 Obs\u0142u\u017cyli\u015bmy ju\u017c tylu klient\u00f3w Oferujemy Sprzedajemy auta tylko przygotowane do rejestracji Wystawiamy faktury Na [&hellip;]\" \/>\n<meta property=\"og:url\" content=\"https:\/\/autopastwisko.pl\/index.php\/o-firmie\/\" \/>\n<meta property=\"og:site_name\" content=\"Sigma\" \/>\n<meta property=\"article:modified_time\" content=\"2020-01-22T21:55:14+00:00\" \/>\n<meta property=\"og:image\" content=\"https:\/\/autopastwisko.pl\/wp-content\/uploads\/2020\/01\/53588492_2272323569722243_4005415470080458752_o-1024x768.jpg\" \/>\n<meta name=\"twitter:card\" content=\"summary_large_image\" \/>\n<script type=\"application\/ld+json\" class=\"yoast-schema-graph\">{\"@context\":\"https:\/\/schema.org\",\"@graph\":[{\"@type\":\"WebPage\",\"@id\":\"https:\/\/autopastwisko.pl\/index.php\/o-firmie\/\",\"url\":\"https:\/\/autopastwisko.pl\/index.php\/o-firmie\/\",\"name\":\"O firmie - Sigma\",\"isPartOf\":{\"@id\":\"https:\/\/autopastwisko.pl\/#website\"},\"primaryImageOfPage\":{\"@id\":\"https:\/\/autopastwisko.pl\/index.php\/o-firmie\/#primaryimage\"},\"image\":{\"@id\":\"https:\/\/autopastwisko.pl\/index.php\/o-firmie\/#primaryimage\"},\"thumbnailUrl\":\"https:\/\/autopastwisko.pl\/wp-content\/uploads\/2020\/01\/53588492_2272323569722243_4005415470080458752_o-1024x768.jpg\",\"datePublished\":\"2020-01-13T14:14:52+00:00\",\"dateModified\":\"2020-01-22T21:55:14+00:00\",\"breadcrumb\":{\"@id\":\"https:\/\/autopastwisko.pl\/index.php\/o-firmie\/#breadcrumb\"},\"inLanguage\":\"pl-PL\",\"potentialAction\":[{\"@type\":\"ReadAction\",\"target\":[\"https:\/\/autopastwisko.pl\/index.php\/o-firmie\/\"]}]},{\"@type\":\"ImageObject\",\"inLanguage\":\"pl-PL\",\"@id\":\"https:\/\/autopastwisko.pl\/index.php\/o-firmie\/#primaryimage\",\"url\":\"https:\/\/autopastwisko.pl\/wp-content\/uploads\/2020\/01\/53588492_2272323569722243_4005415470080458752_o.jpg\",\"contentUrl\":\"https:\/\/autopastwisko.pl\/wp-content\/uploads\/2020\/01\/53588492_2272323569722243_4005415470080458752_o.jpg\",\"width\":1728,\"height\":1296},{\"@type\":\"BreadcrumbList\",\"@id\":\"https:\/\/autopastwisko.pl\/index.php\/o-firmie\/#breadcrumb\",\"itemListElement\":[{\"@type\":\"ListItem\",\"position\":1,\"name\":\"Home\",\"item\":\"https:\/\/autopastwisko.pl\/\"},{\"@type\":\"ListItem\",\"position\":2,\"name\":\"O firmie\"}]},{\"@type\":\"WebSite\",\"@id\":\"https:\/\/autopastwisko.pl\/#website\",\"url\":\"https:\/\/autopastwisko.pl\/\",\"name\":\"Sigma\",\"description\":\"AUTOPASTWISKO\",\"potentialAction\":[{\"@type\":\"SearchAction\",\"target\":{\"@type\":\"EntryPoint\",\"urlTemplate\":\"https:\/\/autopastwisko.pl\/?s={search_term_string}\"},\"query-input\":{\"@type\":\"PropertyValueSpecification\",\"valueRequired\":true,\"valueName\":\"search_term_string\"}}],\"inLanguage\":\"pl-PL\"}]}<\/script>\n<!-- \/ Yoast SEO plugin. -->","yoast_head_json":{"title":"O firmie - Sigma","robots":{"index":"index","follow":"follow","max-snippet":"max-snippet:-1","max-image-preview":"max-image-preview:large","max-video-preview":"max-video-preview:-1"},"canonical":"https:\/\/autopastwisko.pl\/index.php\/o-firmie\/","og_locale":"pl_PL","og_type":"article","og_title":"O firmie - Sigma","og_description":"0 Obs\u0142u\u017cyli\u015bmy ju\u017c tylu klient\u00f3w Oferujemy Sprzedajemy auta tylko przygotowane do rejestracji Wystawiamy faktury Na [&hellip;]","og_url":"https:\/\/autopastwisko.pl\/index.php\/o-firmie\/","og_site_name":"Sigma","article_modified_time":"2020-01-22T21:55:14+00:00","og_image":[{"url":"https:\/\/autopastwisko.pl\/wp-content\/uploads\/2020\/01\/53588492_2272323569722243_4005415470080458752_o-1024x768.jpg","type":"","width":"","height":""}],"twitter_card":"summary_large_image","schema":{"@context":"https:\/\/schema.org","@graph":[{"@type":"WebPage","@id":"https:\/\/autopastwisko.pl\/index.php\/o-firmie\/","url":"https:\/\/autopastwisko.pl\/index.php\/o-firmie\/","name":"O firmie - Sigma","isPartOf":{"@id":"https:\/\/autopastwisko.pl\/#website"},"primaryImageOfPage":{"@id":"https:\/\/autopastwisko.pl\/index.php\/o-firmie\/#primaryimage"},"image":{"@id":"https:\/\/autopastwisko.pl\/index.php\/o-firmie\/#primaryimage"},"thumbnailUrl":"https:\/\/autopastwisko.pl\/wp-content\/uploads\/2020\/01\/53588492_2272323569722243_4005415470080458752_o-1024x768.jpg","datePublished":"2020-01-13T14:14:52+00:00","dateModified":"2020-01-22T21:55:14+00:00","breadcrumb":{"@id":"https:\/\/autopastwisko.pl\/index.php\/o-firmie\/#breadcrumb"},"inLanguage":"pl-PL","potentialAction":[{"@type":"ReadAction","target":["https:\/\/autopastwisko.pl\/index.php\/o-firmie\/"]}]},{"@type":"ImageObject","inLanguage":"pl-PL","@id":"https:\/\/autopastwisko.pl\/index.php\/o-firmie\/#primaryimage","url":"https:\/\/autopastwisko.pl\/wp-content\/uploads\/2020\/01\/53588492_2272323569722243_4005415470080458752_o.jpg","contentUrl":"https:\/\/autopastwisko.pl\/wp-content\/uploads\/2020\/01\/53588492_2272323569722243_4005415470080458752_o.jpg","width":1728,"height":1296},{"@type":"BreadcrumbList","@id":"https:\/\/autopastwisko.pl\/index.php\/o-firmie\/#breadcrumb","itemListElement":[{"@type":"ListItem","position":1,"name":"Home","item":"https:\/\/autopastwisko.pl\/"},{"@type":"ListItem","position":2,"name":"O firmie"}]},{"@type":"WebSite","@id":"https:\/\/autopastwisko.pl\/#website","url":"https:\/\/autopastwisko.pl\/","name":"Sigma","description":"AUTOPASTWISKO","potentialAction":[{"@type":"SearchAction","target":{"@type":"EntryPoint","urlTemplate":"https:\/\/autopastwisko.pl\/?s={search_term_string}"},"query-input":{"@type":"PropertyValueSpecification","valueRequired":true,"valueName":"search_term_string"}}],"inLanguage":"pl-PL"}]}},"_links":{"self":[{"href":"https:\/\/autopastwisko.pl\/index.php\/wp-json\/wp\/v2\/pages\/15","targetHints":{"allow":["GET"]}}],"collection":[{"href":"https:\/\/autopastwisko.pl\/index.php\/wp-json\/wp\/v2\/pages"}],"about":[{"href":"https:\/\/autopastwisko.pl\/index.php\/wp-json\/wp\/v2\/types\/page"}],"author":[{"embeddable":true,"href":"https:\/\/autopastwisko.pl\/index.php\/wp-json\/wp\/v2\/users\/1"}],"replies":[{"embeddable":true,"href":"https:\/\/autopastwisko.pl\/index.php\/wp-json\/wp\/v2\/comments?post=15"}],"version-history":[{"count":18,"href":"https:\/\/autopastwisko.pl\/index.php\/wp-json\/wp\/v2\/pages\/15\/revisions"}],"predecessor-version":[{"id":206,"href":"https:\/\/autopastwisko.pl\/index.php\/wp-json\/wp\/v2\/pages\/15\/revisions\/206"}],"wp:attachment":[{"href":"https:\/\/autopastwisko.pl\/index.php\/wp-json\/wp\/v2\/media?parent=15"}],"curies":[{"name":"wp","href":"https:\/\/api.w.org\/{rel}","templated":true}]}}