{"id":17,"date":"2020-01-13T15:15:11","date_gmt":"2020-01-13T14:15:11","guid":{"rendered":"https:\/\/autopastwisko.pl\/?page_id=17"},"modified":"2023-06-07T23:36:25","modified_gmt":"2023-06-07T21:36:25","slug":"kontakt","status":"publish","type":"page","link":"https:\/\/autopastwisko.pl\/index.php\/kontakt\/","title":{"rendered":"Kontakt"},"content":{"rendered":"\t\t<div data-elementor-type=\"wp-page\" data-elementor-id=\"17\" class=\"elementor elementor-17\" data-elementor-settings=\"[]\">\n\t\t\t<div class=\"elementor-inner\">\n\t\t\t\t<div class=\"elementor-section-wrap\">\n\t\t\t\t\t\t\t<section class=\"elementor-element elementor-element-9c4bc27 elementor-section-boxed elementor-section-height-default elementor-section-height-default elementor-section elementor-top-section\" data-id=\"9c4bc27\" data-element_type=\"section\">\n\t\t\t\t\t\t<div class=\"elementor-container elementor-column-gap-default\">\n\t\t\t\t<div class=\"elementor-row\">\n\t\t\t\t<div class=\"elementor-element elementor-element-5833ab1 elementor-column elementor-col-100 elementor-top-column\" data-id=\"5833ab1\" data-element_type=\"column\">\n\t\t\t<div class=\"elementor-column-wrap  elementor-element-populated\">\n\t\t\t\t\t<div class=\"elementor-widget-wrap\">\n\t\t\t\t<div class=\"elementor-element elementor-element-73e377f elementor-widget elementor-widget-google_maps\" data-id=\"73e377f\" data-element_type=\"widget\" data-widget_type=\"google_maps.default\">\n\t\t\t\t<div class=\"elementor-widget-container\">\n\t\t\t<div class=\"elementor-custom-embed\"><iframe frameborder=\"0\" scrolling=\"no\" marginheight=\"0\" marginwidth=\"0\" src=\"https:\/\/maps.google.com\/maps?q=Zdziarka%205%2009-150&amp;t=m&amp;z=14&amp;output=embed&amp;iwloc=near\" aria-label=\"Zdziarka 5 09-150\"><\/iframe><\/div>\t\t<\/div>\n\t\t\t\t<\/div>\n\t\t\t\t\t\t<\/div>\n\t\t\t<\/div>\n\t\t<\/div>\n\t\t\t\t\t\t<\/div>\n\t\t\t<\/div>\n\t\t<\/section>\n\t\t\t\t<section class=\"elementor-element elementor-element-fe2e269 elementor-section-boxed elementor-section-height-default elementor-section-height-default elementor-section elementor-top-section\" data-id=\"fe2e269\" data-element_type=\"section\">\n\t\t\t\t\t\t<div class=\"elementor-container elementor-column-gap-default\">\n\t\t\t\t<div class=\"elementor-row\">\n\t\t\t\t<div class=\"elementor-element elementor-element-6556e39 elementor-column elementor-col-100 elementor-top-column\" data-id=\"6556e39\" data-element_type=\"column\">\n\t\t\t<div class=\"elementor-column-wrap  elementor-element-populated\">\n\t\t\t\t\t<div class=\"elementor-widget-wrap\">\n\t\t\t\t<div class=\"elementor-element elementor-element-91094ba elementor-widget elementor-widget-text-editor\" data-id=\"91094ba\" data-element_type=\"widget\" data-widget_type=\"text-editor.default\">\n\t\t\t\t<div class=\"elementor-widget-container\">\n\t\t\t\t\t<div class=\"elementor-text-editor elementor-clearfix\"><h1>Dane firmy<\/h1><\/div>\n\t\t\t\t<\/div>\n\t\t\t\t<\/div>\n\t\t\t\t<div class=\"elementor-element elementor-element-8be04ff elementor-widget elementor-widget-divider\" data-id=\"8be04ff\" data-element_type=\"widget\" data-widget_type=\"divider.default\">\n\t\t\t\t<div class=\"elementor-widget-container\">\n\t\t\t\t\t<div class=\"elementor-divider\">\n\t\t\t<span class=\"elementor-divider-separator\">\n\t\t\t\t\t\t<\/span>\n\t\t<\/div>\n\t\t\t\t<\/div>\n\t\t\t\t<\/div>\n\t\t\t\t<div class=\"elementor-element elementor-element-eae3899 elementor-widget elementor-widget-text-editor\" data-id=\"eae3899\" data-element_type=\"widget\" data-widget_type=\"text-editor.default\">\n\t\t\t\t<div class=\"elementor-widget-container\">\n\t\t\t\t\t<div class=\"elementor-text-editor elementor-clearfix\"><h2 style=\"text-align: center;\">P.U.H. &#8220;SIGMA&#8221;<\/h2><h2 style=\"text-align: center;\">Nowatkiewicz Dariusz<\/h2><h2 style=\"text-align: center;\">Zdziarka 5\u00a0 09-150 Czerwi\u0144sk nad Wis\u0142\u0105<\/h2><\/div>\n\t\t\t\t<\/div>\n\t\t\t\t<\/div>\n\t\t\t\t<div class=\"elementor-element elementor-element-7790fa1 eael-infobox-icon-bg-shape-circle eael-infobox-content-align-center eael-infobox-icon-hover-bg-shape-none elementor-widget elementor-widget-eael-info-box\" data-id=\"7790fa1\" data-element_type=\"widget\" data-widget_type=\"eael-info-box.default\">\n\t\t\t\t<div class=\"elementor-widget-container\">\n\t\t\t\t\t\t\t<div class=\"eael-infobox\">\n\t\t\t\t\t<div class=\"infobox-icon eael-icon-only\">\n\n\t\t\t\t\n\t\t\t\t\t\t\t\t\t<div class=\"infobox-icon-wrap\">\n\t\t\t\t\t\t<i class=\"fas fa-phone-alt\"><\/i>\t\t\t\t\t<\/div>\n\t\t\t\t\n\t\t\t\t\n\t\t\t<\/div>\n\t\t\t\t\t<div class=\"infobox-content eael-icon-only\">\n\t\t\t\t<h4 class=\"title\">506-058-320<\/h4>\n\t\t\t\t\t\t\t\t\t\t\t\t\t\t\t\t<\/div>\n\t\t<\/div>\t\t<\/div>\n\t\t\t\t<\/div>\n\t\t\t\t\t\t<\/div>\n\t\t\t<\/div>\n\t\t<\/div>\n\t\t\t\t\t\t<\/div>\n\t\t\t<\/div>\n\t\t<\/section>\n\t\t\t\t<section class=\"elementor-element elementor-element-8e954ac elementor-section-boxed elementor-section-height-default elementor-section-height-default elementor-section elementor-top-section\" data-id=\"8e954ac\" data-element_type=\"section\">\n\t\t\t\t\t\t<div class=\"elementor-container elementor-column-gap-default\">\n\t\t\t\t<div class=\"elementor-row\">\n\t\t\t\t<div class=\"elementor-element elementor-element-1821489 elementor-column elementor-col-100 elementor-top-column\" data-id=\"1821489\" data-element_type=\"column\">\n\t\t\t<div class=\"elementor-column-wrap  elementor-element-populated\">\n\t\t\t\t\t<div class=\"elementor-widget-wrap\">\n\t\t\t\t<div class=\"elementor-element elementor-element-2bab387 elementor-widget elementor-widget-image\" data-id=\"2bab387\" data-element_type=\"widget\" data-widget_type=\"image.default\">\n\t\t\t\t<div class=\"elementor-widget-container\">\n\t\t\t\t\t<div class=\"elementor-image\">\n\t\t\t\t\t\t\t\t\t\t<img decoding=\"async\" src=\"https:\/\/autopastwisko.pl\/wp-content\/uploads\/2020\/01\/78079263_441927630032746_1549152600102797312_n.jpg\" title=\"78079263_441927630032746_1549152600102797312_n\" alt=\"78079263_441927630032746_1549152600102797312_n\" \/>\t\t\t\t\t\t\t\t\t\t\t<\/div>\n\t\t\t\t<\/div>\n\t\t\t\t<\/div>\n\t\t\t\t\t\t<\/div>\n\t\t\t<\/div>\n\t\t<\/div>\n\t\t\t\t\t\t<\/div>\n\t\t\t<\/div>\n\t\t<\/section>\n\t\t\t\t\t\t<\/div>\n\t\t\t<\/div>\n\t\t<\/div>\n\t\t","protected":false},"excerpt":{"rendered":"<p>Dane firmy P.U.H. &#8220;SIGMA&#8221; Nowatkiewicz Dariusz Zdziarka 5\u00a0 09-150 Czerwi\u0144sk nad Wis\u0142\u0105 506-058-320<\/p>\n","protected":false},"author":1,"featured_media":0,"parent":0,"menu_order":3,"comment_status":"closed","ping_status":"open","template":"elementor_header_footer","meta":{"footnotes":""},"class_list":["post-17","page","type-page","status-publish","hentry"],"yoast_head":"<!-- This site is optimized with the Yoast SEO plugin v26.9 - https:\/\/yoast.com\/product\/yoast-seo-wordpress\/ -->\n<title>Kontakt - Sigma<\/title>\n<meta name=\"robots\" content=\"index, follow, max-snippet:-1, max-image-preview:large, max-video-preview:-1\" \/>\n<link rel=\"canonical\" href=\"https:\/\/autopastwisko.pl\/index.php\/kontakt\/\" \/>\n<meta property=\"og:locale\" content=\"pl_PL\" \/>\n<meta property=\"og:type\" content=\"article\" \/>\n<meta property=\"og:title\" content=\"Kontakt - Sigma\" \/>\n<meta property=\"og:description\" content=\"Dane firmy P.U.H. &#8220;SIGMA&#8221; Nowatkiewicz Dariusz Zdziarka 5\u00a0 09-150 Czerwi\u0144sk nad Wis\u0142\u0105 506-058-320\" \/>\n<meta property=\"og:url\" content=\"https:\/\/autopastwisko.pl\/index.php\/kontakt\/\" \/>\n<meta property=\"og:site_name\" content=\"Sigma\" \/>\n<meta property=\"article:modified_time\" content=\"2023-06-07T21:36:25+00:00\" \/>\n<meta property=\"og:image\" content=\"https:\/\/autopastwisko.pl\/wp-content\/uploads\/2020\/01\/78079263_441927630032746_1549152600102797312_n.jpg\" \/>\n<meta name=\"twitter:card\" content=\"summary_large_image\" \/>\n<script type=\"application\/ld+json\" class=\"yoast-schema-graph\">{\"@context\":\"https:\/\/schema.org\",\"@graph\":[{\"@type\":\"WebPage\",\"@id\":\"https:\/\/autopastwisko.pl\/index.php\/kontakt\/\",\"url\":\"https:\/\/autopastwisko.pl\/index.php\/kontakt\/\",\"name\":\"Kontakt - Sigma\",\"isPartOf\":{\"@id\":\"https:\/\/autopastwisko.pl\/#website\"},\"primaryImageOfPage\":{\"@id\":\"https:\/\/autopastwisko.pl\/index.php\/kontakt\/#primaryimage\"},\"image\":{\"@id\":\"https:\/\/autopastwisko.pl\/index.php\/kontakt\/#primaryimage\"},\"thumbnailUrl\":\"https:\/\/autopastwisko.pl\/wp-content\/uploads\/2020\/01\/78079263_441927630032746_1549152600102797312_n.jpg\",\"datePublished\":\"2020-01-13T14:15:11+00:00\",\"dateModified\":\"2023-06-07T21:36:25+00:00\",\"breadcrumb\":{\"@id\":\"https:\/\/autopastwisko.pl\/index.php\/kontakt\/#breadcrumb\"},\"inLanguage\":\"pl-PL\",\"potentialAction\":[{\"@type\":\"ReadAction\",\"target\":[\"https:\/\/autopastwisko.pl\/index.php\/kontakt\/\"]}]},{\"@type\":\"ImageObject\",\"inLanguage\":\"pl-PL\",\"@id\":\"https:\/\/autopastwisko.pl\/index.php\/kontakt\/#primaryimage\",\"url\":\"https:\/\/autopastwisko.pl\/wp-content\/uploads\/2020\/01\/78079263_441927630032746_1549152600102797312_n.jpg\",\"contentUrl\":\"https:\/\/autopastwisko.pl\/wp-content\/uploads\/2020\/01\/78079263_441927630032746_1549152600102797312_n.jpg\"},{\"@type\":\"BreadcrumbList\",\"@id\":\"https:\/\/autopastwisko.pl\/index.php\/kontakt\/#breadcrumb\",\"itemListElement\":[{\"@type\":\"ListItem\",\"position\":1,\"name\":\"Home\",\"item\":\"https:\/\/autopastwisko.pl\/\"},{\"@type\":\"ListItem\",\"position\":2,\"name\":\"Kontakt\"}]},{\"@type\":\"WebSite\",\"@id\":\"https:\/\/autopastwisko.pl\/#website\",\"url\":\"https:\/\/autopastwisko.pl\/\",\"name\":\"Sigma\",\"description\":\"AUTOPASTWISKO\",\"potentialAction\":[{\"@type\":\"SearchAction\",\"target\":{\"@type\":\"EntryPoint\",\"urlTemplate\":\"https:\/\/autopastwisko.pl\/?s={search_term_string}\"},\"query-input\":{\"@type\":\"PropertyValueSpecification\",\"valueRequired\":true,\"valueName\":\"search_term_string\"}}],\"inLanguage\":\"pl-PL\"}]}<\/script>\n<!-- \/ Yoast SEO plugin. -->","yoast_head_json":{"title":"Kontakt - Sigma","robots":{"index":"index","follow":"follow","max-snippet":"max-snippet:-1","max-image-preview":"max-image-preview:large","max-video-preview":"max-video-preview:-1"},"canonical":"https:\/\/autopastwisko.pl\/index.php\/kontakt\/","og_locale":"pl_PL","og_type":"article","og_title":"Kontakt - Sigma","og_description":"Dane firmy P.U.H. &#8220;SIGMA&#8221; Nowatkiewicz Dariusz Zdziarka 5\u00a0 09-150 Czerwi\u0144sk nad Wis\u0142\u0105 506-058-320","og_url":"https:\/\/autopastwisko.pl\/index.php\/kontakt\/","og_site_name":"Sigma","article_modified_time":"2023-06-07T21:36:25+00:00","og_image":[{"url":"https:\/\/autopastwisko.pl\/wp-content\/uploads\/2020\/01\/78079263_441927630032746_1549152600102797312_n.jpg","type":"","width":"","height":""}],"twitter_card":"summary_large_image","schema":{"@context":"https:\/\/schema.org","@graph":[{"@type":"WebPage","@id":"https:\/\/autopastwisko.pl\/index.php\/kontakt\/","url":"https:\/\/autopastwisko.pl\/index.php\/kontakt\/","name":"Kontakt - Sigma","isPartOf":{"@id":"https:\/\/autopastwisko.pl\/#website"},"primaryImageOfPage":{"@id":"https:\/\/autopastwisko.pl\/index.php\/kontakt\/#primaryimage"},"image":{"@id":"https:\/\/autopastwisko.pl\/index.php\/kontakt\/#primaryimage"},"thumbnailUrl":"https:\/\/autopastwisko.pl\/wp-content\/uploads\/2020\/01\/78079263_441927630032746_1549152600102797312_n.jpg","datePublished":"2020-01-13T14:15:11+00:00","dateModified":"2023-06-07T21:36:25+00:00","breadcrumb":{"@id":"https:\/\/autopastwisko.pl\/index.php\/kontakt\/#breadcrumb"},"inLanguage":"pl-PL","potentialAction":[{"@type":"ReadAction","target":["https:\/\/autopastwisko.pl\/index.php\/kontakt\/"]}]},{"@type":"ImageObject","inLanguage":"pl-PL","@id":"https:\/\/autopastwisko.pl\/index.php\/kontakt\/#primaryimage","url":"https:\/\/autopastwisko.pl\/wp-content\/uploads\/2020\/01\/78079263_441927630032746_1549152600102797312_n.jpg","contentUrl":"https:\/\/autopastwisko.pl\/wp-content\/uploads\/2020\/01\/78079263_441927630032746_1549152600102797312_n.jpg"},{"@type":"BreadcrumbList","@id":"https:\/\/autopastwisko.pl\/index.php\/kontakt\/#breadcrumb","itemListElement":[{"@type":"ListItem","position":1,"name":"Home","item":"https:\/\/autopastwisko.pl\/"},{"@type":"ListItem","position":2,"name":"Kontakt"}]},{"@type":"WebSite","@id":"https:\/\/autopastwisko.pl\/#website","url":"https:\/\/autopastwisko.pl\/","name":"Sigma","description":"AUTOPASTWISKO","potentialAction":[{"@type":"SearchAction","target":{"@type":"EntryPoint","urlTemplate":"https:\/\/autopastwisko.pl\/?s={search_term_string}"},"query-input":{"@type":"PropertyValueSpecification","valueRequired":true,"valueName":"search_term_string"}}],"inLanguage":"pl-PL"}]}},"_links":{"self":[{"href":"https:\/\/autopastwisko.pl\/index.php\/wp-json\/wp\/v2\/pages\/17","targetHints":{"allow":["GET"]}}],"collection":[{"href":"https:\/\/autopastwisko.pl\/index.php\/wp-json\/wp\/v2\/pages"}],"about":[{"href":"https:\/\/autopastwisko.pl\/index.php\/wp-json\/wp\/v2\/types\/page"}],"author":[{"embeddable":true,"href":"https:\/\/autopastwisko.pl\/index.php\/wp-json\/wp\/v2\/users\/1"}],"replies":[{"embeddable":true,"href":"https:\/\/autopastwisko.pl\/index.php\/wp-json\/wp\/v2\/comments?post=17"}],"version-history":[{"count":22,"href":"https:\/\/autopastwisko.pl\/index.php\/wp-json\/wp\/v2\/pages\/17\/revisions"}],"predecessor-version":[{"id":11318,"href":"https:\/\/autopastwisko.pl\/index.php\/wp-json\/wp\/v2\/pages\/17\/revisions\/11318"}],"wp:attachment":[{"href":"https:\/\/autopastwisko.pl\/index.php\/wp-json\/wp\/v2\/media?parent=17"}],"curies":[{"name":"wp","href":"https:\/\/api.w.org\/{rel}","templated":true}]}}